{"id":245,"date":"2018-03-07T16:20:43","date_gmt":"2018-03-07T16:20:43","guid":{"rendered":"http:\/\/wellco-project.eu\/?page_id=245"},"modified":"2019-11-08T11:06:30","modified_gmt":"2019-11-08T11:06:30","slug":"publications","status":"publish","type":"page","link":"https:\/\/wellco-project.eu\/index.php\/publications\/","title":{"rendered":"Publications"},"content":{"rendered":"<p><\/p>\n<h4><strong>Web Publications<\/strong><\/h4>\n<ul>\n<li><a href=\"http:\/\/wellco-project.eu\/wp-content\/uploads\/2018\/04\/KoM-Press-Release.pdf\">WellCO Kick-Off Meeting Press Release<\/a><\/li>\n<li><a href=\"http:\/\/wellco-project.eu\/wp-content\/uploads\/2018\/04\/2nd-Press-Release.pdf\">WellCO Project 2nd Press Release<\/a><\/li>\n<\/ul>\n<hr \/>\n<h4><strong>Leaflets for co-design phase<\/strong><\/h4>\n<ul>\n<li><a href=\"http:\/\/wellco-project.eu\/wp-content\/uploads\/2018\/05\/leaflet.pdf\">leaflet_EN.pdf<\/a><\/li>\n<li><a href=\"http:\/\/wellco-project.eu\/wp-content\/uploads\/2018\/05\/leaflet_ES.pdf\">leaflet_ES.pdf<\/a><\/li>\n<li><a href=\"http:\/\/wellco-project.eu\/wp-content\/uploads\/2018\/05\/leaflet_ITA.pdf\">leaflet_IT.pdf<\/a><\/li>\n<li><a href=\"http:\/\/wellco-project.eu\/wp-content\/uploads\/2018\/05\/leaflet_SDU.pdf\">leaflet_DK.pdf<\/a><\/li>\n<\/ul>\n<hr \/>\n<h4><strong>Reference Scientific Publications<\/strong><\/h4>\n<ul>\n<li><strong>Behavioral Change:<\/strong>\n<ul>\n<li>Susan Michie, Maartje Marieke van Stralen &#8211; &#8220;The Behaviour Change Wheel: a new method for characterising and designing behaviour change interventions&#8221;. Implementation Science. April 2011. <a href=\"http:\/\/wellco-project.eu\/wp-content\/uploads\/2018\/03\/1748-5908-6-42.pdf\" target=\"_blank\" rel=\"noopener\">DOI:10.1186\/1748-5908-6-42<\/a>.<\/li>\n<li>Kevin S. Masters, and Nathan S. Consedine. Annals of Behavioral Medicine. vol. 52, Oxford Academic, 2018, academic.oup.com\/abm\/issue\/52\/6.<\/li>\n<li>Manea, V., &amp; Wac, K. (2018, October). MQOL: Mobile quality of life lab: From behavior change to QOL. In\u00a0<em>Proceedings of the 2018 ACM International Joint Conference and 2018 International Symposium on Pervasive and Ubiquitous Computing and Wearable Computers<\/em>\u00a0(pp. 642-647). ACM.<\/li>\n<\/ul>\n<\/li>\n<\/ul>\n<p>&nbsp;<\/p>\n<ul>\n<li><strong>Nutrition:<\/strong>\n<ul>\n<li>Chiuve SE, Fung TT, Rimm EB, et al. Alternative Dietary Indices Both Strongly Predict Risk of Chronic Disease.\u00a0<em>The Journal of Nutrition<\/em>. 2012;142(6):1009-1018. doi:10.3945\/jn.111.157222.<\/li>\n<\/ul>\n<\/li>\n<\/ul>\n<p>&nbsp;<\/p>\n<ul>\n<li><strong>Sleep<\/strong>:\n<ul>\n<li>Ciman, M., &amp; Wac, K. (2019). Smartphones as Sleep Duration Sensors: Validation of the iSenseSleep Algorithm.\u00a0<em>JMIR mHealth and uHealth<\/em>,\u00a0<em>7<\/em>(5), e11930.<\/li>\n<\/ul>\n<\/li>\n<\/ul>\n<p>&nbsp;<\/p>\n<ul>\n<li><strong>Health Assessment:<br \/>\n<\/strong><\/p>\n<ul>\n<li>G\u00f6ransson C, Wengstr\u00f6m Y, Ziegert K, Langius-Ekl\u00f6f A, Eriksson I, Kihlgren A, m.fl. Perspectives of health and self-care among older persons-To be implemented in an interactive information and communication technology-platform. J Clin Nurs. 2017;26:4745\u201355.<\/li>\n<li>Stronks K, Hoeymans N, Haverkamp B, Hertog FRJ den, Bon-Martens MJH van, Galenkamp H, m.fl. Do conceptualisations of health differ across social strata? A concept mapping study among lay people. BMJ Open. 2018;8:e020210.<\/li>\n<li>Krzeczkowski JE, Van Lieshout RJ. Prenatal influences on the development and stability of personality. New Ideas Psychol [Internet]. 2018 [henvist 15. maj 2018]; Hentet fra: <a href=\"http:\/\/www.sciencedirect.com\/science\/article\/pii\/S0732118X17302064\">http:\/\/www.sciencedirect.com\/science\/article\/pii\/S0732118X17302064<\/a><\/li>\n<li>Huang I-C, Lee JL, Ketheeswaran P, Jones CM, Revicki DA, Wu AW. Does personality affect health-related quality of life? A systematic review. PLoS ONE [Internet]. 2017 [henvist 22. maj 2018];12. Hentet fra: <a href=\"https:\/\/www.ncbi.nlm.nih.gov\/pmc\/articles\/PMC5371329\/\">https:\/\/www.ncbi.nlm.nih.gov\/pmc\/articles\/PMC5371329\/<\/a><\/li>\n<li>Berrocal, A., &amp; Wac, K. (2018, October). Peer-vasive computing: Leveraging peers to enhance the accuracy of self-reports in mobile human studies. In\u00a0<em>Proceedings of the 2018 ACM International Joint Conference and 2018 International Symposium on Pervasive and Ubiquitous Computing and Wearable Computers<\/em>\u00a0(pp. 600-605). ACM.<\/li>\n<li>Berrocal, A., &amp; Wac, K. (2018, October). Peer-ceived Well-Being: Exploring the Value of Peers for Human Stress Assessment in-Situ. In\u00a0<em>Proceedings of the 2018 ACM International Joint Conference and 2018 International Symposium on Pervasive and Ubiquitous Computing and Wearable Computers<\/em>\u00a0(pp. 492-497). ACM.<\/li>\n<li>SBM 39th Annual Meeting Abstract Supplement,\u00a0<em>Annals of Behavioral Medicine<\/em>, Volume 52, Issue suppl_1, April 2018, Pages S1\u2013S838,\u00a0<a href=\"https:\/\/doi.org\/10.1093\/abm\/kay013\">https:\/\/doi.org\/10.1093\/abm\/kay013<\/a><\/li>\n<\/ul>\n<\/li>\n<\/ul>\n<p>&nbsp;<\/p>\n<ul>\n<li><strong>AI applied :<\/strong>\n<ul>\n<li>Osmani, V., Li, L., Danieletto, M., Glicksberg, B., Dudley, J., &amp; Mayora, O. (2018, May). Automatic processing of Electronic Medical Records using Deep Learning. In\u00a0<em>Proceedings of the 12th EAI International Conference on Pervasive Computing Technologies for Healthcare<\/em>\u00a0(pp. 251-257). ACM.<\/li>\n<li>Natural Language Processing of Clinical Notes on Chronic Diseases: Systematic Review. Seyedmostafa Sheikhalishahi,Riccardo Miotto, Joel T Dudley, Alberto Lavelli, Fabio Rinaldi, Venet Osmani. JMIR Medical Informatics, vol. 7, issue 2 (2019), pp: e12239<\/li>\n<\/ul>\n<\/li>\n<\/ul>\n<p><\/p>","protected":false},"excerpt":{"rendered":"<p>Web Publications WellCO Kick-Off Meeting Press Release WellCO Project 2nd Press Release Leaflets for co-design phase leaflet_EN.pdf leaflet_ES.pdf leaflet_IT.pdf leaflet_DK.pdf Reference Scientific Publications Behavioral Change: Susan Michie, Maartje Marieke van Stralen &#8211; &#8220;The Behaviour&#46;&#46;&#46;<\/p>\n","protected":false},"author":1,"featured_media":0,"parent":0,"menu_order":0,"comment_status":"closed","ping_status":"closed","template":"","meta":{"footnotes":""},"class_list":["post-245","page","type-page","status-publish","hentry"],"_links":{"self":[{"href":"https:\/\/wellco-project.eu\/index.php\/wp-json\/wp\/v2\/pages\/245","targetHints":{"allow":["GET"]}}],"collection":[{"href":"https:\/\/wellco-project.eu\/index.php\/wp-json\/wp\/v2\/pages"}],"about":[{"href":"https:\/\/wellco-project.eu\/index.php\/wp-json\/wp\/v2\/types\/page"}],"author":[{"embeddable":true,"href":"https:\/\/wellco-project.eu\/index.php\/wp-json\/wp\/v2\/users\/1"}],"replies":[{"embeddable":true,"href":"https:\/\/wellco-project.eu\/index.php\/wp-json\/wp\/v2\/comments?post=245"}],"version-history":[{"count":27,"href":"https:\/\/wellco-project.eu\/index.php\/wp-json\/wp\/v2\/pages\/245\/revisions"}],"predecessor-version":[{"id":808,"href":"https:\/\/wellco-project.eu\/index.php\/wp-json\/wp\/v2\/pages\/245\/revisions\/808"}],"wp:attachment":[{"href":"https:\/\/wellco-project.eu\/index.php\/wp-json\/wp\/v2\/media?parent=245"}],"curies":[{"name":"wp","href":"https:\/\/api.w.org\/{rel}","templated":true}]}}